{"id":7,"date":"2023-01-25T19:56:19","date_gmt":"2023-01-25T19:56:19","guid":{"rendered":"http:\/\/parafia-olbrachtow.eu\/?page_id=7"},"modified":"2026-04-09T18:16:09","modified_gmt":"2026-04-09T18:16:09","slug":"http-parafia-olbrachtow-eu","status":"publish","type":"page","link":"https:\/\/parafia-olbrachtow.eu\/","title":{"rendered":"Strona g\u0142\u00f3wna"},"content":{"rendered":"<p>[et_pb_section fb_built=&#8221;1&#8243; fullwidth=&#8221;on&#8221; admin_label=&#8221;Header&#8221; _builder_version=&#8221;4.19.4&#8243; background_image=&#8221;https:\/\/parafia-olbrachtow.eu\/wp-content\/uploads\/2023\/01\/imgp8072.webp&#8221; parallax=&#8221;on&#8221; global_colors_info=&#8221;{}&#8221;][et_pb_fullwidth_header title=&#8221;Parafia \u015bw. Micha\u0142a Archanio\u0142a w Olbrachtowie&#8221; text_orientation=&#8221;center&#8221; _builder_version=&#8221;4.19.4&#8243; title_font=&#8221;Aboreto||||||||&#8221; title_text_color=&#8221;#FFFFFF&#8221; title_font_size=&#8221;60px&#8221; title_line_height=&#8221;1.5em&#8221; content_font=&#8221;||||||||&#8221; content_font_size=&#8221;16px&#8221; content_line_height=&#8221;2em&#8221; subhead_font=&#8221;Didact Gothic||||||||&#8221; subhead_font_size=&#8221;20px&#8221; subhead_line_height=&#8221;1.8em&#8221; background_color=&#8221;rgba(0,0,0,0)&#8221; use_background_color_gradient=&#8221;on&#8221; background_color_gradient_type=&#8221;circular&#8221; background_color_gradient_stops=&#8221;rgba(102,133,221,0.37) 0%|rgba(31,31,71,0.81) 53%&#8221; background_color_gradient_start=&#8221;rgba(102,133,221,0.37)&#8221; background_color_gradient_end=&#8221;rgba(31,31,71,0.81)&#8221; background_color_gradient_end_position=&#8221;53%&#8221; custom_button_one=&#8221;on&#8221; button_one_text_size=&#8221;16px&#8221; button_one_text_color=&#8221;#ffffff&#8221; button_one_bg_color=&#8221;#a0beef&#8221; button_one_border_width=&#8221;8px&#8221; button_one_border_color=&#8221;rgba(0,0,0,0)&#8221; button_one_border_radius=&#8221;0px&#8221; button_one_letter_spacing=&#8221;3px&#8221; button_one_font=&#8221;Didact Gothic|700||on|||||&#8221; button_one_use_icon=&#8221;off&#8221; custom_button_two=&#8221;on&#8221; button_two_text_size=&#8221;16px&#8221; button_two_text_color=&#8221;#34587c&#8221; button_two_bg_color=&#8221;#ffffff&#8221; button_two_border_width=&#8221;8px&#8221; button_two_border_color=&#8221;rgba(0,0,0,0)&#8221; button_two_border_radius=&#8221;0px&#8221; button_two_letter_spacing=&#8221;3px&#8221; button_two_font=&#8221;Didact Gothic|700||on|||||&#8221; button_two_icon=&#8221;&#x49;||divi||400&#8243; button_two_icon_placement=&#8221;left&#8221; button_two_on_hover=&#8221;off&#8221; min_height=&#8221;1100px&#8221; custom_padding=&#8221;10vw||20vw&#8221; custom_padding_tablet=&#8221;&#8221; custom_padding_phone=&#8221;||80px&#8221; custom_padding_last_edited=&#8221;on|phone&#8221; animation_style=&#8221;fade&#8221; animation_starting_opacity=&#8221;45%&#8221; title_font_size_tablet=&#8221;40px&#8221; title_font_size_phone=&#8221;30px&#8221; title_font_size_last_edited=&#8221;on|phone&#8221; subhead_font_size_tablet=&#8221;&#8221; subhead_font_size_phone=&#8221;18px&#8221; subhead_font_size_last_edited=&#8221;on|phone&#8221; title_text_shadow_style=&#8221;preset1&#8243; text_shadow_style=&#8221;preset4&#8243; global_colors_info=&#8221;{}&#8221;][\/et_pb_fullwidth_header][\/et_pb_section][et_pb_section fb_built=&#8221;1&#8243; admin_label=&#8221;Services&#8221; _builder_version=&#8221;4.16&#8243; background_image=&#8221;https:\/\/parafia-olbrachtow.eu\/wp-content\/uploads\/2023\/01\/church-03.jpg&#8221; background_size=&#8221;initial&#8221; background_position=&#8221;top_center&#8221; custom_padding=&#8221;0|0px|4px|0px|false|false&#8221; global_colors_info=&#8221;{}&#8221;][et_pb_row column_structure=&#8221;1_3,1_3,1_3&#8243; use_custom_gutter=&#8221;on&#8221; gutter_width=&#8221;1&#8243; _builder_version=&#8221;4.16&#8243; min_height=&#8221;397.2px&#8221; custom_padding=&#8221;0|0px|0px|0px|false|false&#8221; global_colors_info=&#8221;{}&#8221;][et_pb_column type=&#8221;1_3&#8243; _builder_version=&#8221;4.16&#8243; custom_padding=&#8221;|||&#8221; global_colors_info=&#8221;{}&#8221; custom_padding__hover=&#8221;|||&#8221;][et_pb_cta title=&#8221;Msze \u015awi\u0119te&#8221; button_url=&#8221;#&#8221; _builder_version=&#8221;4.19.5&#8243; header_font=&#8221;|700|||||||&#8221; header_font_size=&#8221;18px&#8221; header_line_height=&#8221;1.6em&#8221; body_font=&#8221;||||||||&#8221; body_line_height=&#8221;2em&#8221; background_color=&#8221;rgba(126,190,197,0)&#8221; custom_button=&#8221;on&#8221; button_text_size=&#8221;16px&#8221; button_text_color=&#8221;#34587c&#8221; button_bg_color=&#8221;rgba(234,114,74,0)&#8221; button_border_width=&#8221;8px&#8221; button_border_color=&#8221;rgba(0,0,0,0)&#8221; button_border_radius=&#8221;0px&#8221; button_letter_spacing=&#8221;3px&#8221; button_font=&#8221;Didact Gothic|700||on|||||&#8221; button_use_icon=&#8221;off&#8221; background_layout=&#8221;light&#8221; box_shadow_style_button=&#8221;preset5&#8243; box_shadow_vertical_button=&#8221;0px&#8221; box_shadow_spread_button=&#8221;2px&#8221; box_shadow_color_button=&#8221;rgba(81,103,120,0.48)&#8221; global_colors_info=&#8221;{}&#8221;]<\/p>\n<h3 class=\"title view-desktop\"><\/h3>\n<h3 class=\"title view-desktop\">NIEDZIELE I \u015aWI\u0118TA<\/h3>\n<p>Olbracht\u00f3w, godz. <span class=\"time\">8:00<\/span>, <span class=\"time\">12:00<\/span><\/p>\n<p>Piotr\u00f3w, godz. <span class=\"time\">10:00<\/span><\/p>\n<h3 class=\"title view-desktop\">MSZE DNI POWSZEDNIE<\/h3>\n<p class=\"title view-desktop\">Olbracht\u00f3w, godz. <span class=\"time\">17:00<\/span> (wtorek, \u015broda, pi\u0105tek i sobota)<\/p>\n<p><span class=\"time\">Piotr\u00f3w, godz. 16:30 (czwartek),<\/span><\/p>\n<p><span class=\"time\"><\/span><\/p>\n<p>&nbsp;<\/p>\n<p>[\/et_pb_cta][\/et_pb_column][et_pb_column type=&#8221;1_3&#8243; _builder_version=&#8221;4.16&#8243; custom_padding=&#8221;|||&#8221; global_colors_info=&#8221;{}&#8221; custom_padding__hover=&#8221;|||&#8221;][et_pb_divider color=&#8221;#ffffff&#8221; divider_weight=&#8221;6px&#8221; _builder_version=&#8221;4.16&#8243; height=&#8221;0px&#8221; custom_margin=&#8221;-9vw|-30px|0px|-30px||true&#8221; custom_margin_tablet=&#8221;&#8221; custom_margin_phone=&#8221;0vw||&#8221; custom_margin_last_edited=&#8221;on|phone&#8221; custom_padding=&#8221;62px||20vw|1px||&#8221; custom_padding_tablet=&#8221;&#8221; custom_padding_phone=&#8221;||10px&#8221; custom_padding_last_edited=&#8221;on|phone&#8221; global_colors_info=&#8221;{}&#8221; box_shadow_style__hover=&#8221;none&#8221; box_shadow_style__hover_enabled=&#8221;none&#8221; box_shadow_color__hover=&#8221;rgba(0,0,0,0.3)&#8221; box_shadow_color__hover_enabled=&#8221;rgba(0,0,0,0.3)&#8221;][\/et_pb_divider][et_pb_text _builder_version=&#8221;4.20.0&#8243; link_font=&#8221;||||||||&#8221; quote_font=&#8221;||||||||&#8221; use_background_color_gradient=&#8221;on&#8221; background_color_gradient_stops=&#8221;rgba(78,86,160,0.5) 0%|#34587c 100%&#8221; background_color_gradient_overlays_image=&#8221;on&#8221; background_color_gradient_start=&#8221;rgba(78,86,160,0.5)&#8221; background_color_gradient_end=&#8221;#34587c&#8221; background_image=&#8221;https:\/\/parafia-olbrachtow.eu\/wp-content\/uploads\/2023\/01\/church-07.jpg&#8221; text_orientation=&#8221;center&#8221; height=&#8221;288px&#8221; custom_margin=&#8221;-20vw||&#8221; custom_margin_tablet=&#8221;&#8221; custom_margin_phone=&#8221;0vw||&#8221; custom_margin_last_edited=&#8221;on|desktop&#8221; custom_padding=&#8221;30px|30px|19vw|30px||true&#8221; custom_padding_tablet=&#8221;&#8221; custom_padding_phone=&#8221;30px|30px|30px|30px||true&#8221; custom_padding_last_edited=&#8221;on|desktop&#8221; box_shadow_style=&#8221;preset1&#8243; box_shadow_vertical=&#8221;-10px&#8221; box_shadow_blur=&#8221;60px&#8221; locked=&#8221;off&#8221; global_colors_info=&#8221;{}&#8221;]<\/p>\n<p>&nbsp;<\/p>\n<p>&nbsp;<\/p>\n<p>Chwalcie Pana, wszystkie narody,<br \/>wys\u0142awiajcie Go, wszystkie ludy,<br \/>bo pot\u0119\u017cna nad nami Jego \u0142aska,<br \/>a wierno\u015b\u0107 Pana trwa na wieki.<\/p>\n<p>[\/et_pb_text][\/et_pb_column][et_pb_column type=&#8221;1_3&#8243; _builder_version=&#8221;4.16&#8243; custom_padding=&#8221;|||&#8221; global_colors_info=&#8221;{}&#8221; custom_padding__hover=&#8221;|||&#8221;][et_pb_cta title=&#8221;Proboszcz&#8221; button_url=&#8221;#&#8221; _builder_version=&#8221;4.19.4&#8243; header_font=&#8221;|700|||||||&#8221; header_font_size=&#8221;18px&#8221; header_line_height=&#8221;1.6em&#8221; body_font=&#8221;||||||||&#8221; body_line_height=&#8221;2em&#8221; background_color=&#8221;rgba(126,190,197,0)&#8221; custom_button=&#8221;on&#8221; button_text_size=&#8221;16px&#8221; button_text_color=&#8221;#34587c&#8221; button_bg_color=&#8221;rgba(234,114,74,0)&#8221; button_border_width=&#8221;8px&#8221; button_border_color=&#8221;rgba(0,0,0,0)&#8221; button_border_radius=&#8221;0px&#8221; button_letter_spacing=&#8221;3px&#8221; button_font=&#8221;Didact Gothic|700||on|||||&#8221; button_use_icon=&#8221;off&#8221; background_layout=&#8221;light&#8221; box_shadow_style_button=&#8221;preset5&#8243; box_shadow_vertical_button=&#8221;0px&#8221; box_shadow_spread_button=&#8221;2px&#8221; box_shadow_color_button=&#8221;rgba(81,103,120,0.48)&#8221; locked=&#8221;off&#8221; global_colors_info=&#8221;{}&#8221;]<\/p>\n<p><strong>ks. mgr Arkadiusz RZETECKI<\/strong><\/p>\n<p>&nbsp;<\/p>\n<p>[\/et_pb_cta][\/et_pb_column][\/et_pb_row][\/et_pb_section][et_pb_section fb_built=&#8221;1&#8243; _builder_version=&#8221;4.23&#8243; _module_preset=&#8221;default&#8221; global_colors_info=&#8221;{}&#8221;][et_pb_row _builder_version=&#8221;4.23&#8243; _module_preset=&#8221;default&#8221; global_colors_info=&#8221;{}&#8221;][et_pb_column type=&#8221;4_4&#8243; _builder_version=&#8221;4.23&#8243; _module_preset=&#8221;default&#8221; global_colors_info=&#8221;{}&#8221;][et_pb_text _builder_version=&#8221;4.23&#8243; _module_preset=&#8221;default&#8221; global_colors_info=&#8221;{}&#8221;]<\/p>\n<p style=\"text-align: center;\"><span style=\"color: #000000;\">Wszystkim ludziom dobrej woli &#8211; serdeczne B\u00f3g zap\u0142a\u0107 za ofiar\u0119 sk\u0142adan\u0105 na tac\u0119.<br \/><\/span><\/p>\n<p style=\"text-align: center;\"><span style=\"color: #000000;\">Swoj\u0105 Parafi\u0119 mo\u017cesz r\u00f3wnie\u017c wesprze\u0107 poprzez bezpo\u015bredni przelew na poni\u017csze konto.<\/span><\/p>\n<p style=\"text-align: center;\"><span style=\"color: #000000;\"><strong>KONTO: 22 1090 2561 0000 0006 4200 1040<\/strong><\/span><\/p>\n<pre style=\"text-align: center;\"><span style=\"color: #000000;\"><strong>PARAFIA P.W. \u015aW. MICHA\u0141A ARCHANIO\u0141A, <\/strong><\/span><span style=\"color: #000000;\"><strong>OLBRACHT\u00d3W 39; 68 \u2013 200 \u017bARY<\/strong><\/span><\/pre>\n<p>[\/et_pb_text][\/et_pb_column][\/et_pb_row][\/et_pb_section][et_pb_section fb_built=&#8221;1&#8243; _builder_version=&#8221;4.23&#8243; _module_preset=&#8221;default&#8221; background_enable_image=&#8221;off&#8221; global_colors_info=&#8221;{}&#8221;][et_pb_row _builder_version=&#8221;4.23&#8243; _module_preset=&#8221;default&#8221; global_colors_info=&#8221;{}&#8221;][et_pb_column type=&#8221;4_4&#8243; _builder_version=&#8221;4.23&#8243; _module_preset=&#8221;default&#8221; global_colors_info=&#8221;{}&#8221;][et_pb_cta title=&#8221;Modlitwa do \u015bw. Micha\u0142a Archanio\u0142a &#8221; button_text=&#8221;Klikni\u0119cia&#8221; _builder_version=&#8221;4.23&#8243; _module_preset=&#8221;default&#8221; header_text_color=&#8221;#FFFFFF&#8221; body_text_color=&#8221;#FFFFFF&#8221; background_color=&#8221;#FFFFFF&#8221; background_image=&#8221;https:\/\/parafia-olbrachtow.eu\/wp-content\/uploads\/2023\/01\/church-07.jpg&#8221; text_shadow_style=&#8221;preset2&#8243; text_shadow_color=&#8221;#000000&#8243; global_colors_info=&#8221;{}&#8221;]<\/p>\n<p>&nbsp;<\/p>\n<p>\u015awi\u0119ty Michale Archaniele! Wspomagaj nas w walce,<br \/>a przeciw niegodziwo\u015bci i zasadzkom z\u0142ego ducha b\u0105d\u017a nasz\u0105 obron\u0105.<br \/>Oby go B\u00f3g pogromi\u0107 raczy\u0142, pokornie o to prosimy, aTy, Wodzu niebieskich zast\u0119p\u00f3w,<br \/>szatana i inne duchy z\u0142e, kt\u00f3re na zgub\u0119 dusz ludzkich po tym \u015bwiecie kr\u0105\u017c\u0105,<br \/>moc\u0105 Bo\u017c\u0105 str\u0105\u0107 do piek\u0142a. Amen.<\/p>\n<p>[\/et_pb_cta][\/et_pb_column][\/et_pb_row][et_pb_row _builder_version=&#8221;4.23&#8243; _module_preset=&#8221;default&#8221; global_colors_info=&#8221;{}&#8221;][et_pb_column type=&#8221;4_4&#8243; _builder_version=&#8221;4.23&#8243; _module_preset=&#8221;default&#8221; global_colors_info=&#8221;{}&#8221;][et_pb_divider _builder_version=&#8221;4.23&#8243; _module_preset=&#8221;default&#8221; global_colors_info=&#8221;{}&#8221;][\/et_pb_divider][\/et_pb_column][\/et_pb_row][et_pb_row _builder_version=&#8221;4.23&#8243; _module_preset=&#8221;default&#8221; global_colors_info=&#8221;{}&#8221;][et_pb_column type=&#8221;4_4&#8243; _builder_version=&#8221;4.23&#8243; _module_preset=&#8221;default&#8221; global_colors_info=&#8221;{}&#8221;][et_pb_video src=&#8221;https:\/\/parafia-olbrachtow.eu\/wp-content\/uploads\/2024\/04\/WhatsApp-Video-2024-04-16-at-14.54.53.mp4&#8243; _builder_version=&#8221;4.23&#8243; _module_preset=&#8221;default&#8221; global_colors_info=&#8221;{}&#8221;][\/et_pb_video][\/et_pb_column][\/et_pb_row][\/et_pb_section][et_pb_section fb_built=&#8221;1&#8243; _builder_version=&#8221;4.23&#8243; _module_preset=&#8221;default&#8221; global_colors_info=&#8221;{}&#8221;][et_pb_row _builder_version=&#8221;4.23&#8243; _module_preset=&#8221;default&#8221; global_colors_info=&#8221;{}&#8221;][et_pb_column type=&#8221;4_4&#8243; _builder_version=&#8221;4.23&#8243; _module_preset=&#8221;default&#8221; global_colors_info=&#8221;{}&#8221;][et_pb_divider _builder_version=&#8221;4.23&#8243; _module_preset=&#8221;default&#8221; global_colors_info=&#8221;{}&#8221;][\/et_pb_divider][\/et_pb_column][\/et_pb_row][\/et_pb_section][et_pb_section fb_built=&#8221;1&#8243; fullwidth=&#8221;on&#8221; _builder_version=&#8221;4.20.0&#8243; _module_preset=&#8221;default&#8221; background_image=&#8221;https:\/\/parafia-olbrachtow.eu\/wp-content\/uploads\/2023\/01\/church-08.jpg&#8221; parallax=&#8221;on&#8221; min_height=&#8221;554px&#8221; height=&#8221;1000px&#8221; max_height=&#8221;1000px&#8221; custom_margin=&#8221;||0px|||&#8221; custom_padding=&#8221;||811px|||&#8221; global_colors_info=&#8221;{}&#8221;][et_pb_fullwidth_image src=&#8221;https:\/\/parafia-olbrachtow.eu\/wp-content\/uploads\/2023\/02\/PSX_20230225_174742.png&#8221; title_text=&#8221;PSX_20230225_174742&#8243; url=&#8221;https:\/\/caritaszg.pl\/&#8221; url_new_window=&#8221;on&#8221; _builder_version=&#8221;4.20.0&#8243; _module_preset=&#8221;default&#8221; transform_translate=&#8221;0px|552px&#8221; width=&#8221;7%&#8221; module_alignment=&#8221;center&#8221; min_height=&#8221;100px&#8221; height=&#8221;100px&#8221; max_height=&#8221;1000px&#8221; custom_margin=&#8221;||26px||false|false&#8221; custom_padding=&#8221;0px||0px||false|false&#8221; global_colors_info=&#8221;{}&#8221;][\/et_pb_fullwidth_image][\/et_pb_section]<\/p>\n","protected":false},"excerpt":{"rendered":"<p>NIEDZIELE I \u015aWI\u0118TA Olbracht\u00f3w, godz. 8:00, 12:00 Piotr\u00f3w, godz. 10:00 MSZE DNI POWSZEDNIE Olbracht\u00f3w, godz. 17:00 (wtorek, \u015broda, pi\u0105tek i sobota) Piotr\u00f3w, godz. 16:30 (czwartek), &nbsp;&nbsp; &nbsp; Chwalcie Pana, wszystkie narody,wys\u0142awiajcie Go, wszystkie ludy,bo pot\u0119\u017cna nad nami Jego \u0142aska,a wierno\u015b\u0107 Pana trwa na wieki.ks. mgr Arkadiusz RZETECKI &nbsp;Wszystkim ludziom dobrej woli &#8211; serdeczne B\u00f3g zap\u0142a\u0107 [&hellip;]<\/p>\n","protected":false},"author":1,"featured_media":0,"parent":0,"menu_order":0,"comment_status":"closed","ping_status":"closed","template":"","meta":{"_et_pb_use_builder":"on","_et_pb_old_content":"","_et_gb_content_width":""},"_links":{"self":[{"href":"https:\/\/parafia-olbrachtow.eu\/index.php?rest_route=\/wp\/v2\/pages\/7"}],"collection":[{"href":"https:\/\/parafia-olbrachtow.eu\/index.php?rest_route=\/wp\/v2\/pages"}],"about":[{"href":"https:\/\/parafia-olbrachtow.eu\/index.php?rest_route=\/wp\/v2\/types\/page"}],"author":[{"embeddable":true,"href":"https:\/\/parafia-olbrachtow.eu\/index.php?rest_route=\/wp\/v2\/users\/1"}],"replies":[{"embeddable":true,"href":"https:\/\/parafia-olbrachtow.eu\/index.php?rest_route=%2Fwp%2Fv2%2Fcomments&post=7"}],"version-history":[{"count":102,"href":"https:\/\/parafia-olbrachtow.eu\/index.php?rest_route=\/wp\/v2\/pages\/7\/revisions"}],"predecessor-version":[{"id":1953,"href":"https:\/\/parafia-olbrachtow.eu\/index.php?rest_route=\/wp\/v2\/pages\/7\/revisions\/1953"}],"wp:attachment":[{"href":"https:\/\/parafia-olbrachtow.eu\/index.php?rest_route=%2Fwp%2Fv2%2Fmedia&parent=7"}],"curies":[{"name":"wp","href":"https:\/\/api.w.org\/{rel}","templated":true}]}}