{"id":42,"date":"2023-01-26T18:34:59","date_gmt":"2023-01-26T18:34:59","guid":{"rendered":"https:\/\/parafia-olbrachtow.eu\/?page_id=42"},"modified":"2023-01-27T20:29:34","modified_gmt":"2023-01-27T20:29:34","slug":"42-2","status":"publish","type":"page","link":"https:\/\/parafia-olbrachtow.eu\/?page_id=42","title":{"rendered":"Historia"},"content":{"rendered":"<p>[et_pb_section fb_built=&#8221;1&#8243; admin_label=&#8221;Events&#8221; _builder_version=&#8221;4.16&#8243; use_background_color_gradient=&#8221;on&#8221; background_color_gradient_type=&#8221;circular&#8221; background_color_gradient_direction_radial=&#8221;top left&#8221; background_color_gradient_stops=&#8221;rgba(26,40,73,0.67) 25%|#111b42 70%&#8221; background_color_gradient_overlays_image=&#8221;on&#8221; background_color_gradient_start=&#8221;rgba(26,40,73,0.67)&#8221; background_color_gradient_start_position=&#8221;25%&#8221; background_color_gradient_end=&#8221;#111b42&#8243; background_color_gradient_end_position=&#8221;70%&#8221; background_image=&#8221;https:\/\/parafia-olbrachtow.eu\/wp-content\/uploads\/2023\/01\/church-14.jpg&#8221; min_height=&#8221;96.8px&#8221; global_colors_info=&#8221;{}&#8221;][et_pb_row column_structure=&#8221;1_3,1_3,1_3&#8243; use_custom_gutter=&#8221;on&#8221; gutter_width=&#8221;1&#8243; _builder_version=&#8221;4.16&#8243; custom_margin=&#8221;||40px&#8221; custom_margin_tablet=&#8221;||0px&#8221; custom_margin_phone=&#8221;&#8221; custom_margin_last_edited=&#8221;on|tablet&#8221; custom_padding=&#8221;0|0px|0|0px|false|false&#8221; locked=&#8221;off&#8221; global_colors_info=&#8221;{}&#8221;][et_pb_column type=&#8221;1_3&#8243; _builder_version=&#8221;4.16&#8243; custom_padding=&#8221;|||&#8221; global_colors_info=&#8221;{}&#8221; custom_padding__hover=&#8221;|||&#8221;][\/et_pb_column][et_pb_column type=&#8221;1_3&#8243; _builder_version=&#8221;4.16&#8243; custom_padding=&#8221;|||&#8221; global_colors_info=&#8221;{}&#8221; custom_padding__hover=&#8221;|||&#8221;][et_pb_button button_text=&#8221;Historia parafii&#8221; button_alignment=&#8221;center&#8221; _builder_version=&#8221;4.19.4&#8243; custom_button=&#8221;on&#8221; button_text_size=&#8221;16px&#8221; button_text_color=&#8221;#ffffff&#8221; button_bg_color=&#8221;rgba(234,114,74,0)&#8221; button_border_width=&#8221;8px&#8221; button_border_color=&#8221;rgba(0,0,0,0)&#8221; button_border_radius=&#8221;0px&#8221; button_letter_spacing=&#8221;3px&#8221; button_font=&#8221;Didact Gothic|700||on|||||&#8221; button_use_icon=&#8221;off&#8221; box_shadow_style=&#8221;preset5&#8243; box_shadow_vertical=&#8221;0px&#8221; box_shadow_spread=&#8221;2px&#8221; box_shadow_color=&#8221;#ffffff&#8221; locked=&#8221;off&#8221; global_colors_info=&#8221;{}&#8221;][\/et_pb_button][\/et_pb_column][et_pb_column type=&#8221;1_3&#8243; _builder_version=&#8221;4.16&#8243; custom_padding=&#8221;|||&#8221; global_colors_info=&#8221;{}&#8221; custom_padding__hover=&#8221;|||&#8221;][\/et_pb_column][\/et_pb_row][et_pb_row column_structure=&#8221;1_3,1_3,1_3&#8243; _builder_version=&#8221;4.16&#8243; hover_enabled=&#8221;0&#8243; global_colors_info=&#8221;{}&#8221; sticky_enabled=&#8221;0&#8243;][et_pb_column type=&#8221;1_3&#8243; _builder_version=&#8221;4.16&#8243; custom_padding=&#8221;|||&#8221; global_colors_info=&#8221;{}&#8221; custom_padding__hover=&#8221;|||&#8221;][\/et_pb_column][et_pb_column type=&#8221;1_3&#8243; _builder_version=&#8221;4.16&#8243; custom_padding=&#8221;|||&#8221; global_colors_info=&#8221;{}&#8221; custom_padding__hover=&#8221;|||&#8221;][et_pb_text _builder_version=&#8221;4.19.5&#8243; link_option_url=&#8221;#&#8221; locked=&#8221;off&#8221; global_colors_info=&#8221;{}&#8221; hover_enabled=&#8221;0&#8243; sticky_enabled=&#8221;0&#8243;]<\/p>\n<div class=\"cmbd-description cmbd_content_box\">\n<p>&nbsp;<\/p>\n<div class=\"clear\"><\/div>\n<div style=\"margin-top: 20px; margin-bottom: 20px;\" class=\"divider divider-normal\"><\/div>\n<h4>Historia<\/h4>\n<p style=\"text-align: justify;\">Po II wojnie \u015bwiatowej do miejscowo\u015bci tworz\u0105cych obecna parafi\u0119 przyjecha\u0142y rodziny z kres\u00f3w wschodnich (przewa\u017cnie spod Lwowa). Parafia powsta\u0142a 24 sierpnia 2001 r. na mocy dekretu bp. Adama Dyczkowskiego. Zosta\u0142a wydzielona z parafii pw. Mi\u0142osierdzia Bo\u017cego w \u017barach. Wa\u017cnym wydarzeniem w \u017cyciu parafii\u00a0 jest dorocznym przegl\u0105d pie\u015bni i piosenki religijnej <em>ANGELANA <\/em>odbywaj\u0105cy si\u0119 przewa\u017cnie w czerwcu i po\u0142\u0105czony z festynem.<\/p>\n<div class=\"clear\"><\/div>\n<div style=\"margin-top: 20px; margin-bottom: 20px;\" class=\"divider divider-normal\"><\/div>\n<h4>Ko\u015bcio\u0142y (Msze \u015bw. w niedziel\u0119)<\/h4>\n<p><strong>OLBRACHT\u00d3W \u2013 pw. \u015bw. Micha\u0142a Archanio\u0142a<\/strong> (8.00, 12.00)<\/p>\n<p style=\"text-align: justify; padding-left: 40px;\">Bud. na prze\u0142omie XIV-XV, gotyk, po\u015bw. 4 pa\u017adziernika 1992 r. przez bp. Paw\u0142a Soch\u0119.<\/p>\n<p>PIOTR\u00d3W\u2013 pw. \u015bw. Micha\u0142a Archanio\u0142a (10.00)<\/p>\n<p style=\"text-align: justify; padding-left: 40px;\">Gotycki, bud. XIII w. z kamienia polnego, jednonawowy, przebud. w wiekach XVII i XVIII, dzwonnica z 1884 r., remontowany w 1986 r.<\/p>\n<div class=\"clear\"><\/div>\n<div style=\"margin-top: 20px; margin-bottom: 20px;\" class=\"divider divider-normal\"><\/div>\n<h4 style=\"text-align: justify;\">Terytorium parafii<\/h4>\n<p style=\"text-align: justify;\">Olbracht\u00f3w, Piotr\u00f3w<\/p>\n<div class=\"clear\"><\/div>\n<div style=\"margin-top: 20px; margin-bottom: 20px;\" class=\"divider divider-normal\"><\/div>\n<h4 style=\"text-align: justify;\">Poprzedni proboszczowie<\/h4>\n<p style=\"text-align: justify; padding-left: 40px;\">ks. Ludwik Lewandowski \u2013 24.08.2001 r.<\/p>\n<p style=\"text-align: justify; padding-left: 40px;\">ks. Zygmunt Czepirski \u2013 1.08.2005 r.<\/p>\n<p style=\"padding-left: 40px;\">ks. Adam Tablowski &#8211; 1.08.2015 r.<\/p>\n<div class=\"clear\"><\/div>\n<div style=\"margin-top: 20px; margin-bottom: 20px;\" class=\"divider divider-normal\"><\/div>\n<h4 style=\"text-align: justify;\">Wizytacje kanoniczne<\/h4>\n<p style=\"text-align: justify;\">2005 r. (bp Pawe\u0142 Socha), 2011 r. (bp Pawe\u0142 Socha), 2018 r. (bp Tadeusz Lity\u0144ski)<\/p>\n<\/div>\n<p>&nbsp;<\/p>\n<p>&nbsp;<\/p>\n<p>[\/et_pb_text][\/et_pb_column][et_pb_column type=&#8221;1_3&#8243; _builder_version=&#8221;4.16&#8243; custom_padding=&#8221;|||&#8221; global_colors_info=&#8221;{}&#8221; custom_padding__hover=&#8221;|||&#8221;][\/et_pb_column][\/et_pb_row][\/et_pb_section]<\/p>\n","protected":false},"excerpt":{"rendered":"<p>&nbsp; Historia Po II wojnie \u015bwiatowej do miejscowo\u015bci tworz\u0105cych obecna parafi\u0119 przyjecha\u0142y rodziny z kres\u00f3w wschodnich (przewa\u017cnie spod Lwowa). Parafia powsta\u0142a 24 sierpnia 2001 r. na mocy dekretu bp. Adama Dyczkowskiego. Zosta\u0142a wydzielona z parafii pw. Mi\u0142osierdzia Bo\u017cego w \u017barach. Wa\u017cnym wydarzeniem w \u017cyciu parafii\u00a0 jest dorocznym przegl\u0105d pie\u015bni i piosenki religijnej ANGELANA odbywaj\u0105cy si\u0119 [&hellip;]<\/p>\n","protected":false},"author":1,"featured_media":0,"parent":7,"menu_order":0,"comment_status":"closed","ping_status":"closed","template":"","meta":{"_et_pb_use_builder":"on","_et_pb_old_content":"","_et_gb_content_width":""},"_links":{"self":[{"href":"https:\/\/parafia-olbrachtow.eu\/index.php?rest_route=\/wp\/v2\/pages\/42"}],"collection":[{"href":"https:\/\/parafia-olbrachtow.eu\/index.php?rest_route=\/wp\/v2\/pages"}],"about":[{"href":"https:\/\/parafia-olbrachtow.eu\/index.php?rest_route=\/wp\/v2\/types\/page"}],"author":[{"embeddable":true,"href":"https:\/\/parafia-olbrachtow.eu\/index.php?rest_route=\/wp\/v2\/users\/1"}],"replies":[{"embeddable":true,"href":"https:\/\/parafia-olbrachtow.eu\/index.php?rest_route=%2Fwp%2Fv2%2Fcomments&post=42"}],"version-history":[{"count":6,"href":"https:\/\/parafia-olbrachtow.eu\/index.php?rest_route=\/wp\/v2\/pages\/42\/revisions"}],"predecessor-version":[{"id":401,"href":"https:\/\/parafia-olbrachtow.eu\/index.php?rest_route=\/wp\/v2\/pages\/42\/revisions\/401"}],"up":[{"embeddable":true,"href":"https:\/\/parafia-olbrachtow.eu\/index.php?rest_route=\/wp\/v2\/pages\/7"}],"wp:attachment":[{"href":"https:\/\/parafia-olbrachtow.eu\/index.php?rest_route=%2Fwp%2Fv2%2Fmedia&parent=42"}],"curies":[{"name":"wp","href":"https:\/\/api.w.org\/{rel}","templated":true}]}}